{"id":227,"date":"2016-12-15T13:45:22","date_gmt":"2016-12-15T12:45:22","guid":{"rendered":"http:\/\/vorteilspartner.info\/hu\/?page_id=227"},"modified":"2016-12-20T12:53:09","modified_gmt":"2016-12-20T11:53:09","slug":"unions","status":"publish","type":"page","link":"https:\/\/vorteilswelten.net\/hu\/unions\/","title":{"rendered":"Szakszervezetek"},"content":{"rendered":"<h3>Tisztelt Partner\u00fcnk!<\/h3>\n<p>folyamatosan \u00fajabb szakszervezetek csatlakoznak hozz\u00e1nk (tov\u00e1bbi weboldalakkal):<\/p>\n<ul>\n<li><a href=\"http:\/\/oegb.at\/\" target=\"_blank\">\u00d6GB<\/a> \u21d2 <strong><a href=\"http:\/\/preisvorteil.oegb.at\/\" target=\"_blank\">El\u0151ny\u00f6s-Port\u00e1l<\/a><\/strong> Osztr\u00e1k Szakszervezetek Sz\u00f6vets\u00e9ge<\/li>\n<li><a href=\"http:\/\/gbh.at\/\" target=\"_blank\">GBH<\/a> \u21d2 <strong>El\u0151ny\u00f6s-Port\u00e1l*<\/strong> Fa- \u00e9s \u00c9p\u00edt\u0151ipari Szakszervezet<\/li>\n<li><a href=\"http:\/\/gpa-djp.at\/\" target=\"_blank\">GPA-DJP<\/a> \u21d2 <strong>El\u0151ny\u00f6s-Port\u00e1l*<\/strong> Mag\u00e1nv\u00e1llalkoz\u00f3k Szakszervezete, nyomtat\u00e1s, \u00fajs\u00e1g\u00edr\u00e1s, pap\u00edr<\/li>\n<li><a href=\"http:\/\/gpf.at\/\" target=\"_blank\">GPF<\/a>\u00a0\u21d2 \u00a0<strong><a href=\"http:\/\/vorteilswelten.gpf.at\/\" target=\"_blank\">El\u0151ny\u00f6s-Port\u00e1l<\/a><\/strong> Posta- \u00e9s T\u00e1vk\u00f6zl\u00e9si Alkalmazottak Szakszervezete<\/li>\n<li><a href=\"http:\/\/goed.at\/\" target=\"_blank\">G\u00d6D<\/a> \u21d2 <strong><a href=\"http:\/\/www.goedvorteil.at\/\" target=\"_blank\">El\u0151ny\u00f6s-Port\u00e1l<\/a><\/strong> K\u00f6zszolg\u00e1lati Szakszervezet<\/li>\n<li><a href=\"http:\/\/proge.at\/\" target=\"_blank\">PRO-GE<\/a> \u21d2 <strong><a href=\"http:\/\/preisvorteil.proge.at\/\" target=\"_blank\">El\u0151ny\u00f6s-Port\u00e1l<\/a><\/strong>* Termel\u0151k Szakszervezete<\/li>\n<li><a href=\"http:\/\/younion.at\/\" target=\"_blank\">younion<\/a> \u21d2 <strong>El\u0151ny\u00f6s-Port\u00e1l*<\/strong> \u00d6nkorm\u00e1nyzati Dolgoz\u00f3k Szakszervezete, m\u0171v\u00e9szet, m\u00e9dia, sport \u00e9s szellemi szabadfoglalkoz\u00e1sok<\/li>\n<li><a href=\"http:\/\/vida.at\/\" target=\"_blank\">vida<\/a> \u21d2 <strong><a href=\"http:\/\/vorteil.vida.at\/\" target=\"_blank\">El\u0151ny\u00f6s-Port\u00e1l<\/a><\/strong>\u00a0\u00d6nkorm\u00e1nyzati Dolgoz\u00f3k Szakszervezete, m\u0171v\u00e9szet, m\u00e9dia, sport \u00e9s szellemi szabadfoglalkoz\u00e1sok<\/li>\n<\/ul>\n<p><strong>Tagok <\/strong><strong>\u00f6sszesen: &gt; 1,2 milli\u00f3 \u00e9s csal\u00e1djaik!<\/strong><\/p>\n<p><strong>\u00c9rdekl\u0151dik<\/strong><strong>?<\/strong>\u00a0K\u00e9rj\u00fck, keresse tan\u00e1csad\u00f3nkat szem\u00e9lyesen (l\u00e1sd megb\u00edz\u00e1s), vagy k\u00fcldj\u00f6n nek\u00fcnk egy <u>emailt<\/u>.<\/p>\n<p>*| alatt szerkezetek<\/p>\n<hr \/>\n<p>\u00daJ \u2013\u00a0<strong>Ingyenes prom<\/strong><strong>\u00f3<\/strong><strong>ci<\/strong><strong>\u00f3<\/strong>:\u00a0-&gt;\u00a0<a href=\"http:\/\/vorteilspartner.info\/hu\/gratis\/\">INFO<\/a>\u00a0(m\u00e1r csak r\u00f6vid ideig!)<\/p>\n<p>&nbsp;<\/p>\n","protected":false},"excerpt":{"rendered":"<p>Tisztelt Partner\u00fcnk! folyamatosan \u00fajabb szakszervezetek csatlakoznak hozz\u00e1nk (tov\u00e1bbi weboldalakkal): \u00d6GB \u21d2 El\u0151ny\u00f6s-Port\u00e1l Osztr\u00e1k Szakszervezetek Sz\u00f6vets\u00e9ge GBH \u21d2 El\u0151ny\u00f6s-Port\u00e1l* Fa- \u00e9s \u00c9p\u00edt\u0151ipari Szakszervezet GPA-DJP \u21d2 El\u0151ny\u00f6s-Port\u00e1l* Mag\u00e1nv\u00e1llalkoz\u00f3k Szakszervezete, nyomtat\u00e1s, \u00fajs\u00e1g\u00edr\u00e1s, pap\u00edr GPF\u00a0\u21d2 \u00a0El\u0151ny\u00f6s-Port\u00e1l Posta- \u00e9s T\u00e1vk\u00f6zl\u00e9si Alkalmazottak Szakszervezete G\u00d6D \u21d2 El\u0151ny\u00f6s-Port\u00e1l K\u00f6zszolg\u00e1lati Szakszervezet PRO-GE \u21d2 El\u0151ny\u00f6s-Port\u00e1l* Termel\u0151k Szakszervezete younion \u21d2 El\u0151ny\u00f6s-Port\u00e1l* \u00d6nkorm\u00e1nyzati Dolgoz\u00f3k Szakszervezete, m\u0171v\u00e9szet, m\u00e9dia, [&hellip;]<\/p>\n","protected":false},"author":2,"featured_media":0,"parent":0,"menu_order":0,"comment_status":"closed","ping_status":"closed","template":"","meta":{"_genesis_hide_title":false,"_genesis_hide_breadcrumbs":false,"_genesis_hide_singular_image":false,"_genesis_hide_footer_widgets":false,"_genesis_custom_body_class":"","_genesis_custom_post_class":"","_genesis_layout":""},"_links":{"self":[{"href":"https:\/\/vorteilswelten.net\/hu\/wp-json\/wp\/v2\/pages\/227"}],"collection":[{"href":"https:\/\/vorteilswelten.net\/hu\/wp-json\/wp\/v2\/pages"}],"about":[{"href":"https:\/\/vorteilswelten.net\/hu\/wp-json\/wp\/v2\/types\/page"}],"author":[{"embeddable":true,"href":"https:\/\/vorteilswelten.net\/hu\/wp-json\/wp\/v2\/users\/2"}],"replies":[{"embeddable":true,"href":"https:\/\/vorteilswelten.net\/hu\/wp-json\/wp\/v2\/comments?post=227"}],"version-history":[{"count":4,"href":"https:\/\/vorteilswelten.net\/hu\/wp-json\/wp\/v2\/pages\/227\/revisions"}],"predecessor-version":[{"id":264,"href":"https:\/\/vorteilswelten.net\/hu\/wp-json\/wp\/v2\/pages\/227\/revisions\/264"}],"wp:attachment":[{"href":"https:\/\/vorteilswelten.net\/hu\/wp-json\/wp\/v2\/media?parent=227"}],"curies":[{"name":"wp","href":"https:\/\/api.w.org\/{rel}","templated":true}]}}