{"id":217,"date":"2016-12-15T13:29:50","date_gmt":"2016-12-15T12:29:50","guid":{"rendered":"http:\/\/vorteilspartner.info\/hu\/?page_id=217"},"modified":"2017-01-20T14:44:43","modified_gmt":"2017-01-20T13:44:43","slug":"newsletter","status":"publish","type":"page","link":"https:\/\/vorteilswelten.net\/hu\/important\/newsletter\/","title":{"rendered":"H\u00cdRlev\u00e9l"},"content":{"rendered":"<h3>K\u00f6sz\u00f6nj\u00fck, hogy ig\u00e9nybeveszi H\u00cdRlev\u00e9l szolg\u00e1ltat\u00e1sunkat!<\/h3>\n<p>A H\u00cdRlev\u00e9l szolg\u00e1ltat\u00e1s ig\u00e9nyl\u00e9se ut\u00e1n l\u00e9trehozzuk h\u00edrlevel\u00e9t.\u00a0A h\u00edrlev\u00e9l\u00a0<a href=\"http:\/\/www.goedvorteil.at\/goed\/newsletter\/vorschau\/\" target=\"_blank\">el\u0151n\u00e9zetet<\/a>\u00e9t <a href=\"http:\/\/www.goedvorteil.at\/goed\/newsletter\/vorschau\/\" target=\"_blank\">ITT <\/a>tal\u00e1lja<em>.\u00a0<\/em>Amennyiben v\u00e1ltoz\u00e1sokat szeretne eszk\u00f6z\u00f6lni, k\u00e9rj\u00fck k\u00fcldje el nek\u00fcnk azokat <strong>id\u0151<\/strong><strong>ben,<\/strong> a specifik\u00e1ci\u00f3nak megfelel\u0151en.<\/p>\n<p><span style=\"color: #0000ff;\"><strong>Specifik\u00e1ci<\/strong><strong>\u00f3<\/strong>\u00a0<\/span>\u2013 A H\u00cdRlev\u00e9l specifik\u00e1ci\u00f3kat\u00a0<a href=\"http:\/\/vorteilspartner.info\/hu\/important\/newsletter\/specifications\/\">ITT<\/a>\u00a0tal\u00e1lja, p\u00e9ld\u00e1kat pedig <a href=\"http:\/\/goedvorteil.at\/newsletter\/\" target=\"_blank\">ITT<\/a> tal\u00e1l.<\/p>\n<p><span style=\"color: #0000ff;\"><strong>Jelentkez<\/strong><strong>\u00e9s<\/strong>\u00a0<\/span>\u2013 Ha \u00d6n is szeretn\u00e9 megkapni a H\u00cdRlevelet, jelentkezzen r\u00e1\u00a0<a href=\"http:\/\/vorteilspartner.info\/wichtig\/newsletter\/anmeldung\/\" target=\"_blank\">ITT<\/a>.<\/p>\n<h4><span style=\"color: #0000ff;\">Id\u0151pontok<\/span>:<\/h4>\n<ul>\n<li>NEWS \u2192\u00a0<strong>Tagok<\/strong>\n<ul>\n<li>#01 (Janu\u00e1ri kiad\u00e1s):\n<ul>\n<li>NAPT\u00c1RI H\u00c9T 50<\/li>\n<\/ul>\n<\/li>\n<li>#02 (Febru\u00e1r kiad\u00e1s) :\n<ul>\n<li>NAPT\u00c1RI H\u00c9T 03<\/li>\n<\/ul>\n<\/li>\n<li>#03 (M\u00e1rciusi kiad\u00e1s):\n<ul>\n<li>NAPT\u00c1RI H\u00c9T 08<\/li>\n<\/ul>\n<\/li>\n<li>#04 (\u00c1prilisi kiad\u00e1s):\n<ul>\n<li>NAPT\u00c1RI H\u00c9T 12<\/li>\n<\/ul>\n<\/li>\n<li>#05 (M\u00e1jusi kiad\u00e1s):\n<ul>\n<li>NAPT\u00c1RI H\u00c9T 16<\/li>\n<\/ul>\n<\/li>\n<li>#06 (J\u00faniusi kiad\u00e1s):\n<ul>\n<li>NAPT\u00c1RI H\u00c9T \u00a020<\/li>\n<\/ul>\n<\/li>\n<li>#07 (J\u00faliusi kiad\u00e1s):\n<ul>\n<li>NAPT\u00c1RI H\u00c9T 24<\/li>\n<\/ul>\n<\/li>\n<li>#08 (Augusztusi kiad\u00e1s):\n<ul>\n<li>NAPT\u00c1RI H\u00c9T \u00a029<\/li>\n<\/ul>\n<\/li>\n<li>#09 (Szeptemberi kiad\u00e1s):\n<ul>\n<li>NAPT\u00c1RI H\u00c9T 33<\/li>\n<\/ul>\n<\/li>\n<li>#10 (Okt\u00f3beri kiad\u00e1s):\n<ul>\n<li>NAPT\u00c1RI H\u00c9T \u00a038<\/li>\n<\/ul>\n<\/li>\n<li>#11 (Novemberi kiad\u00e1s):\n<ul>\n<li>NAPT\u00c1RI H\u00c9T 42<\/li>\n<\/ul>\n<\/li>\n<li>#12 (Decemberi kiad\u00e1s):\n<ul>\n<li>NAPT\u00c1RI H\u00c9T 46<\/li>\n<\/ul>\n<\/li>\n<\/ul>\n<\/li>\n<\/ul>\n<h4>\u00a0<span style=\"color: #0000ff;\">K\u00fcl\u00f6n id\u0151pontok<\/span>:<\/h4>\n<ul>\n<li>NEWS \u2192\u00a0<strong>Tagok<\/strong>\n<ul>\n<li>#03S (#tavasz \/ H\u00fasv\u00e9t):\n<ul>\n<li>NAPT\u00c1RI H\u00c9T 09<\/li>\n<\/ul>\n<\/li>\n<li>#06S (#ny\u00e1r \/ sz\u00fcnid\u0151\/vak\u00e1ci\u00f3 \u2026)\n<ul>\n<li>NAPT\u00c1RI H\u00c9T 22<\/li>\n<\/ul>\n<\/li>\n<li>#09S (#\u0151sz\/ wellness \u2026)\n<ul>\n<li>NAPT\u00c1RI H\u00c9T \u00a035<\/li>\n<\/ul>\n<\/li>\n<li>#12S (#t\u00e9l \/ kar\u00e1csony) :\n<ul>\n<li>NAPT\u00c1RI H\u00c9T 48<\/li>\n<\/ul>\n<\/li>\n<\/ul>\n<\/li>\n<\/ul>\n<p><span style=\"color: #0000ff;\"><strong>Kik\u00fcld<\/strong><strong>\u00e9s<\/strong><\/span>: A H\u00cdRlev\u00e9l kik\u00fcld\u00e9se alapesetben (az adott napt\u00e1ri h\u00e9ten) <strong>p<\/strong><strong>\u00e9ntek<\/strong>t\u0151l vas\u00e1rnapig t\u00f6rt\u00e9nik meg.\u00a0 Munkasz\u00fcneti napokon a H\u00cdRlev\u00e9l kik\u00fcld\u00e9se tol\u00f3dhat (adott esetben k\u00e9rj\u00fck \u00e9rdekl\u0151dj\u00f6n). V\u00e1ltoz\u00e1s az id\u0151pontokban el\u0151fordulhat (ez id\u0151ben ismertet\u00e9sre ker\u00fcl itt). Napt\u00e1ri hetek INFO \u2192\u00a0<a href=\"http:\/\/naptarak.com\/naptarak_ev\" target=\"_blank\">www.naptarak.com\/naptarak_ev<\/a><\/p>\n<p><span style=\"color: #0000ff;\"><strong>Dokumentumok<\/strong><\/span>: A dokumentumokat legk\u00e9s\u0151bb H\u00c9TF\u0150 09:00-\u00f3r\u00e1ig k\u00e9rj\u00fck megk\u00fcldeni (a mindenkori napt\u00e1ri h\u00e9t szerint). P\u00e9lda: a 8. h\u00edrlev\u00e9l a 29. napt\u00e1ri h\u00e9tt\u0151l ker\u00fcl kik\u00fcld\u00e9sre. A helyes dokumentumokat (l\u00e1sd specifik\u00e1ci\u00f3) legk\u00e9s\u0151bb\u00a0 a 29. napt\u00e1ri h\u00e9ten H\u00c9TF\u0150 09:00-\u00f3r\u00e1ig k\u00e9rj\u00fck \u00e1tadni.<\/p>\n<p><span style=\"color: #0000ff;\"><strong>Foglal\u00e1s<\/strong><\/span>: Az\u00e9rt, hogy hely\u00e9t a H\u00cdRlev\u00e9lben (garant\u00e1ltan) lefoglalhassuk, sz\u00fcks\u00e9ges, hogy a <strong>fizet<\/strong><strong>\u00e9s <\/strong>(az \u00f6sszeg be\u00e9rkez\u00e9se) <strong>a kik\u00fcld<\/strong><strong>\u00e9<\/strong><strong>s EL\u0150TT k<\/strong><strong>\u00e9t h<\/strong><strong>\u00e9ttel megt<\/strong><strong>\u00f6rt<\/strong><strong>\u00e9njen<\/strong>. (Gy\u0171jt\u0151sz\u00e1ml\u00e1kn\u00e1l: <strong>az els\u0151 kik\u00fcld<\/strong><strong>\u00e9<\/strong><strong>s EL\u0150TT k<\/strong><strong>\u00e9t h<\/strong><strong>\u00e9ttel<\/strong>).\u00a0P\u00e9lda: fizet\u00e9s (\u00f6sszeg be\u00e9rkez\u00e9se)\u00a0 a NEWS#08-as sz\u00e1m\u00e1ra legk\u00e9s\u0151bb 28.NAPT\u00c1RI H\u00c9T\u00a0\u00a0 H\u00c9TF\u0150\u00a0(09:00-\u00f3r\u00e1ig).<\/p>\n<p>K\u00e9rj\u00fck, id\u0151ben tervezzen!<\/p>\n","protected":false},"excerpt":{"rendered":"<p>K\u00f6sz\u00f6nj\u00fck, hogy ig\u00e9nybeveszi H\u00cdRlev\u00e9l szolg\u00e1ltat\u00e1sunkat! A H\u00cdRlev\u00e9l szolg\u00e1ltat\u00e1s ig\u00e9nyl\u00e9se ut\u00e1n l\u00e9trehozzuk h\u00edrlevel\u00e9t.\u00a0A h\u00edrlev\u00e9l\u00a0el\u0151n\u00e9zetet\u00e9t ITT tal\u00e1lja.\u00a0Amennyiben v\u00e1ltoz\u00e1sokat szeretne eszk\u00f6z\u00f6lni, k\u00e9rj\u00fck k\u00fcldje el nek\u00fcnk azokat id\u0151ben, a specifik\u00e1ci\u00f3nak megfelel\u0151en. Specifik\u00e1ci\u00f3\u00a0\u2013 A H\u00cdRlev\u00e9l specifik\u00e1ci\u00f3kat\u00a0ITT\u00a0tal\u00e1lja, p\u00e9ld\u00e1kat pedig ITT tal\u00e1l. Jelentkez\u00e9s\u00a0\u2013 Ha \u00d6n is szeretn\u00e9 megkapni a H\u00cdRlevelet, jelentkezzen r\u00e1\u00a0ITT. Id\u0151pontok: NEWS \u2192\u00a0Tagok #01 (Janu\u00e1ri kiad\u00e1s): NAPT\u00c1RI H\u00c9T 50 #02 [&hellip;]<\/p>\n","protected":false},"author":2,"featured_media":0,"parent":209,"menu_order":0,"comment_status":"closed","ping_status":"closed","template":"","meta":{"_genesis_hide_title":false,"_genesis_hide_breadcrumbs":false,"_genesis_hide_singular_image":false,"_genesis_hide_footer_widgets":false,"_genesis_custom_body_class":"","_genesis_custom_post_class":"","_genesis_layout":""},"_links":{"self":[{"href":"https:\/\/vorteilswelten.net\/hu\/wp-json\/wp\/v2\/pages\/217"}],"collection":[{"href":"https:\/\/vorteilswelten.net\/hu\/wp-json\/wp\/v2\/pages"}],"about":[{"href":"https:\/\/vorteilswelten.net\/hu\/wp-json\/wp\/v2\/types\/page"}],"author":[{"embeddable":true,"href":"https:\/\/vorteilswelten.net\/hu\/wp-json\/wp\/v2\/users\/2"}],"replies":[{"embeddable":true,"href":"https:\/\/vorteilswelten.net\/hu\/wp-json\/wp\/v2\/comments?post=217"}],"version-history":[{"count":8,"href":"https:\/\/vorteilswelten.net\/hu\/wp-json\/wp\/v2\/pages\/217\/revisions"}],"predecessor-version":[{"id":296,"href":"https:\/\/vorteilswelten.net\/hu\/wp-json\/wp\/v2\/pages\/217\/revisions\/296"}],"up":[{"embeddable":true,"href":"https:\/\/vorteilswelten.net\/hu\/wp-json\/wp\/v2\/pages\/209"}],"wp:attachment":[{"href":"https:\/\/vorteilswelten.net\/hu\/wp-json\/wp\/v2\/media?parent=217"}],"curies":[{"name":"wp","href":"https:\/\/api.w.org\/{rel}","templated":true}]}}