{"id":213,"date":"2016-12-15T13:22:30","date_gmt":"2016-12-15T12:22:30","guid":{"rendered":"http:\/\/vorteilspartner.info\/hu\/?page_id=213"},"modified":"2016-12-20T15:51:35","modified_gmt":"2016-12-20T14:51:35","slug":"documents","status":"publish","type":"page","link":"https:\/\/vorteilswelten.net\/hu\/important\/documents\/","title":{"rendered":"Dokumentumok"},"content":{"rendered":"<h3>Annak \u00e9rdek\u00e9ben, hogy (\u00faj) fot\u00f3kat, sz\u00f6vegeket \u00e9s adatokat \u00e1ll\u00edthassunk akt\u00edvv\u00e1, a k\u00f6vetkez\u0151 form\u00e1tumokra van sz\u00fcks\u00e9g\u00fcnk:<\/h3>\n<p><span style=\"color: #0000ff;\"><strong>Fot<\/strong><strong>\u00f3<\/strong><strong>k<\/strong><\/span>: JPEG*, (RGB \u2013 nem CMYK!) \u2013 weboldalra optimaliz\u00e1lva ?, oldalar\u00e1ny\u00a03:2, BIG-Banner 5:1 !! \u00a0(a k\u00edv\u00e1nt \u24b8 Copyright sz\u00f6veget k\u00e9rj\u00fck a fot\u00f3ba be\u00e9p\u00edteni)<\/p>\n<ul>\n<li><strong>El\u0151ad\u00e1s:<\/strong>\n<ul>\n<li><strong>Megjelen<\/strong><strong>\u00e9<\/strong><strong>s <\/strong>(bemutatkoz\u00e1s): 960\u00a0x 640 px pontosan! max.. 100 kB, max. 5 fot\u00f3!<\/li>\n<li><strong>H\u00cdRlev<\/strong><strong>\u00e9<\/strong><strong>l<\/strong>: \u00a0270 x 180 px pontosan! max. 20 kB<\/li>\n<\/ul>\n<\/li>\n<li><strong>Prom\u00f3ci\u00f3:<\/strong> (Ha foglalt)\n<ul>\n<li>\u00a0<strong>NEWSletter<\/strong>: \u00a0270 x 180 px pontosan! max. 20 kB<\/li>\n<li><strong>TOP-Offer<\/strong> (Megjelen\u00e9s a nyit\u00f3oldalon): \u00a0270 x 180 px pontosan! max. 20 kB<\/li>\n<li><strong>BIG-Banner<\/strong>: 1200 x 240\u00a0px pontosan! max. 50 kB<\/li>\n<\/ul>\n<\/li>\n<\/ul>\n<p><span style=\"color: #0000ff;\"><strong>Sz<\/strong><strong>\u00f6<\/strong><strong>vegek \/ Adatok<\/strong><\/span>:\u00a0TXT*,\u00a0(a megfelel\u0151 \u0171rlapot menteni, kit\u00f6lteni \u00e9s \u00e1tnevezni)<\/p>\n<ul>\n<li><strong>Megjelen<\/strong><strong>\u00e9<\/strong><strong>s <\/strong>(bemutatkoz\u00e1s): le\u00edr\u00e1s, \u00e1r-el\u0151ny, c\u00edm, stb..\u00a0\u2192\u00a0<a href=\"http:\/\/vorteilspartner.info\/wp-content\/uploads\/formular_vorteilspartner_angebot.txt\" target=\"_blank\">bemutatkoz\u00e1s-\u0171rlap<\/a> (helyes kit\u00f6lt\u00e9shez \u21d2 <a href=\"http:\/\/vorteilspartner.info\/ausfuellhilfe\/\" target=\"_blank\">kit\u00f6lt\u00e9si seg\u00e9dlet<\/a>) &#8230;\u00a0csak a n\u00e9met<\/li>\n<li><strong>Fi<\/strong><strong>\u00f3<\/strong><strong>k\u00fczletek<\/strong>: tov\u00e1bbi \u2019telephelyek\u2019 c\u00edmmel, telefonnal, stb.\u00a0\u2192\u00a0<a href=\"http:\/\/vorteilspartner.info\/wp-content\/uploads\/filialliste-ihrefirma.xls\" target=\"_blank\">fi\u00f3k\u00fczletek-\u0171rlap<\/a>\u00a0(helyes kit\u00f6lt\u00e9shez \u21d2\u00a0<a href=\"http:\/\/vorteilspartner.info\/ausfuellhilfe\/\" target=\"_blank\">kit\u00f6lt\u00e9si seg\u00e9dlet<\/a>) &#8230;\u00a0csak a n\u00e9met<\/li>\n<\/ul>\n<p><strong>\u00a0<\/strong><span style=\"color: #0000ff;\"><strong>K<\/strong><strong>\u00f3<\/strong><strong>d\u00a0<\/strong><strong>\/ Landing-Page<\/strong><\/span>:<\/p>\n<ul>\n<li><strong>K<\/strong><strong>\u00f3<\/strong><strong>d<\/strong>: Online aj\u00e1nlatokhoz \u00e9s telefonos k\u00e9r\u00e9sekhez k\u00f3d, vagy k\u00f3dsz\u00f3 megad\u00e1sa sz\u00fcks\u00e9ges (javaslatunk: \u201aoegb\u201a vagy OEGB\u2018). Egy profi\u00a0<a href=\"https:\/\/hu.wikipedia.org\/wiki\/E-kereskedelem\" target=\"_blank\">shop-rendszerben<\/a> ez k\u00e9t perc alatt l\u00e9trehozhat\u00f3!<\/li>\n<li><strong>Landing-Page<\/strong>: Amennyiben \u00d6n sz\u00e1mos aj\u00e1nlattal rendelkezik, illetve aj\u00e1nlatait folyamatosan v\u00e1ltoztatja, \u00e9sszer\u0171 lehet egy <a href=\"https:\/\/hu.wikipedia.org\/wiki\/Landing_oldal\" target=\"_blank\">Landing-Page<\/a>-et haszn\u00e1lni. Ezen az \u00fan. Landing-Page-en k\u00e9nyelmesen be\u00e1ll\u00edthatja aj\u00e1nlatait \u00e9s b\u00e1rmikor m\u00f3dos\u00edthatja azokat. (Javaslatunk: www.cegnev.at\/ogeb\/) \u2013 Egy j\u00f3l \u0171k\u00f6d\u0151\u00a0<a href=\"https:\/\/hu.wikipedia.org\/wiki\/Tartalomkezel%C5%91_rendszerek\" target=\"_blank\">CMS<\/a>-ben (tartalomkezel\u0151-rendszerben) ez k\u00e9t perc alatt be\u00e1ll\u00edthat\u00f3!<\/li>\n<\/ul>\n<p><em>Mi<\/em><em>\u00e9rt k<\/em><em>\u00e9r\u00fc<\/em><em>nk \u0171rlapot kit<\/em><em>\u00f6lteni?<\/em>\u00a0<strong>Az<\/strong><strong>\u00e9rt, hogy egy<\/strong><strong>\u00e9rtelm\u0171 legyen, ami be<\/strong><strong>\u00e9rkezik, illetve elker\u00fclj\u00fck az el\u00edr\u00e1sokat <\/strong>\u2013 k\u00e9rj\u00fck bemutatkoz\u00e1sonk\u00e9nt EGY \u0171rlapot kit\u00f6lteni sz\u00edveskedj\u00e9k!<\/p>\n<p><span style=\"background-color: #ffff00;\"><strong>A dokumentumokat<\/strong>\u00a0(k\u00e9peket \u00e9s kit\u00f6lt\u00f6tt nyomtatv\u00e1nyokat) k\u00e9rj\u00fck k\u00fcldje a \u2192\u00a0<a href=\"mailto:vorteilspartner@perymedia.com\">vorteilspartner@perymedia.com<\/a>\u00a0c\u00edmre! (<strong>Ne DropBox-on, WeTransfer-en kereszt\u00fcl\u2026<\/strong>) Csak teljes \u00e9s helyesen bek\u00fcld\u00f6tt adatokat tudunk figyelembe venni.<\/span><\/p>\n<p>&nbsp;<\/p>\n<hr \/>\n<p><strong><span style=\"color: #ff0000;\">*| Megjegyz\u00e9s:<\/span><\/strong><br \/>\n<strong><span style=\"color: #ff0000;\">GIF, TIFF, Adobe PDF, stb. ne legyen!<\/span><\/strong>\u00a0-&gt;\u00a0<span style=\"background-color: #ffff00;\">A PDF form\u00e1tumot m\u00e1r nem tudjuk elfogadni<\/span>\u00a0 (Technikailag nem alkalmas mobilokra\/weboldalakra! T\u00f6bbek k\u00f6zt PDF-ben keresni sem lehet. A Mobilhaszn\u00e1l\u00f3k a PDF-et alig tudj\u00e1k olvasni, \u00e9s m\u00e9rgel\u0151dnek a hossz\u00fa bet\u00f6lt\u00e9si id\u0151- \u00e9s az adathaszn\u00e1lat mennyis\u00e9ge miatt.) \u2013 K\u00e9rj\u00fck a tartalmat k\u00e9pk\u00e9nt \u00e9s sz\u00f6vegk\u00e9nt k\u00fcldeni. <strong>Alternat\u00edv megold\u00e1sk<\/strong><strong>\u00e9nt<\/strong>\u00a0\u2013 ha m\u00e1shogy nem megy \u2013 belinkelhetj\u00fck a PDF-eket. (&#8230;Vagy elhelyezik saj\u00e1t web-szerver\u00fck\u00f6n, vagy ingyenesen felt\u00f6ltik a\u00a0 <a href=\"http:\/\/issuu.com\/\">Issue.com<\/a>-ra, ill. hasonl\u00f3 oldalra,\u00a0\u00e9s elk\u00fcldik nek\u00fcnk a weblinket).<\/p>\n<p>&nbsp;<\/p>\n<hr \/>\n<p><strong>Tools<\/strong>\u00a0(eszk\u00f6z\u00f6k): Amennyiben nincs k\u00e9zn\u00e9l k\u00e9pszerkeszt\u0151 program, a k\u00f6vetkez\u0151 szoftvereket ingyenesen haszn\u00e1lhatja:<\/p>\n<ul>\n<li><a href=\"https:\/\/tinyjpg.com\/\">JPEG Compressor<\/a>\u2013 fot\u00f3kat t\u00f6m\u00f6r\u00edt<\/li>\n<li><a href=\"http:\/\/www.gimp.org\/\">GIMP<\/a>\u2013 k\u00e9pszerkeszt\u0151 program<\/li>\n<li><a href=\"http:\/\/thexifer.net\/\">the eXif.er<\/a>\u2013 metaadat szerkeszt\u0151 (pl. Copyright info)<\/li>\n<\/ul>\n","protected":false},"excerpt":{"rendered":"<p>Annak \u00e9rdek\u00e9ben, hogy (\u00faj) fot\u00f3kat, sz\u00f6vegeket \u00e9s adatokat \u00e1ll\u00edthassunk akt\u00edvv\u00e1, a k\u00f6vetkez\u0151 form\u00e1tumokra van sz\u00fcks\u00e9g\u00fcnk: Fot\u00f3k: JPEG*, (RGB \u2013 nem CMYK!) \u2013 weboldalra optimaliz\u00e1lva ?, oldalar\u00e1ny\u00a03:2, BIG-Banner 5:1 !! \u00a0(a k\u00edv\u00e1nt \u24b8 Copyright sz\u00f6veget k\u00e9rj\u00fck a fot\u00f3ba be\u00e9p\u00edteni) El\u0151ad\u00e1s: Megjelen\u00e9s (bemutatkoz\u00e1s): 960\u00a0x 640 px pontosan! max.. 100 kB, max. 5 fot\u00f3! H\u00cdRlev\u00e9l: \u00a0270 x 180 [&hellip;]<\/p>\n","protected":false},"author":2,"featured_media":0,"parent":209,"menu_order":0,"comment_status":"closed","ping_status":"closed","template":"","meta":{"_genesis_hide_title":false,"_genesis_hide_breadcrumbs":false,"_genesis_hide_singular_image":false,"_genesis_hide_footer_widgets":false,"_genesis_custom_body_class":"","_genesis_custom_post_class":"","_genesis_layout":""},"_links":{"self":[{"href":"https:\/\/vorteilswelten.net\/hu\/wp-json\/wp\/v2\/pages\/213"}],"collection":[{"href":"https:\/\/vorteilswelten.net\/hu\/wp-json\/wp\/v2\/pages"}],"about":[{"href":"https:\/\/vorteilswelten.net\/hu\/wp-json\/wp\/v2\/types\/page"}],"author":[{"embeddable":true,"href":"https:\/\/vorteilswelten.net\/hu\/wp-json\/wp\/v2\/users\/2"}],"replies":[{"embeddable":true,"href":"https:\/\/vorteilswelten.net\/hu\/wp-json\/wp\/v2\/comments?post=213"}],"version-history":[{"count":6,"href":"https:\/\/vorteilswelten.net\/hu\/wp-json\/wp\/v2\/pages\/213\/revisions"}],"predecessor-version":[{"id":279,"href":"https:\/\/vorteilswelten.net\/hu\/wp-json\/wp\/v2\/pages\/213\/revisions\/279"}],"up":[{"embeddable":true,"href":"https:\/\/vorteilswelten.net\/hu\/wp-json\/wp\/v2\/pages\/209"}],"wp:attachment":[{"href":"https:\/\/vorteilswelten.net\/hu\/wp-json\/wp\/v2\/media?parent=213"}],"curies":[{"name":"wp","href":"https:\/\/api.w.org\/{rel}","templated":true}]}}