{"id":137,"date":"2016-10-09T08:46:12","date_gmt":"2016-10-09T06:46:12","guid":{"rendered":"http:\/\/vorteilspartner.info\/hu\/?page_id=137"},"modified":"2016-12-20T12:40:16","modified_gmt":"2016-12-20T11:40:16","slug":"credentials","status":"publish","type":"page","link":"https:\/\/vorteilswelten.net\/hu\/credentials\/","title":{"rendered":"Referenci\u00e1k"},"content":{"rendered":"<h3>Partnereink\u2013 t\u00f6bbek k\u00f6zt:<\/h3>\n<ul>\n<li>K\u00e9pz\u0151m\u0171v\u00e9szeti Akad\u00e9mia<\/li>\n<li>Arenaria \u2013\u00a0Steinbruch St. Margarethen-i Opera<\/li>\n<li>BestSecret<\/li>\n<li>Best Western Hotels<\/li>\n<li>Bst\u00e4ndig<\/li>\n<li>BMW<\/li>\n<li>CAT City Air Terminal<\/li>\n<li>Citroen<\/li>\n<li>DREI.at<\/li>\n<li>Denzel Auto<\/li>\n<li>Donauturm Wien<\/li>\n<li>Esterhazy<\/li>\n<li>Europcar<\/li>\n<li>Falkensteiner Hotels<\/li>\n<li>Feichtinger Schmuckhandel<\/li>\n<li>Forstinger<\/li>\n<li>Gerstner Hospitality Group<\/li>\n<li>Harry\u2019s Home Hotels<\/li>\n<li>Hansaton<\/li>\n<li>Herz Energiatechnika<\/li>\n<li>Hertz Aut\u00f3b\u00e9rl\u00e9s<\/li>\n<li>Holmes Place<\/li>\n<li>Intercontinental Hotels Group<\/li>\n<li>Jollydays<\/li>\n<li>JUFA Hotels<\/li>\n<li>B\u00e9csi M\u0171csarnok<\/li>\n<li>la pura -womens health resort kamptal<\/li>\n<li>Lensspirit<\/li>\n<li>Lucky Car<\/li>\n<li>Madame Tussauds<\/li>\n<li>Osztr\u00e1k Iparm\u0171v\u00e9szeti M\u00fazeum<\/li>\n<li>Marchfeld-i Kast\u00e9lyok<\/li>\n<li>Marche \u00c9ttermek<\/li>\n<li>Mazda Rainer<\/li>\n<li>Media Print \/ Kronen Zeitung<\/li>\n<li>Mercedes Hummel<\/li>\n<li>Donau-Auen Nemzeti Park<\/li>\n<li>Nights &amp; More Hotelschecks<\/li>\n<li>\u00d6BB \u2013 Osztr\u00e1k Vasutak \u00a0\u2013 \u00a0Turisztika<\/li>\n<li>Porsche Liesing<\/li>\n<li>Red Bull Media<\/li>\n<li>Renault Dacia Nissan Wien<\/li>\n<li>Salzwelten<\/li>\n<li>Spanyol Lovasiskola<\/li>\n<li>Spusu<\/li>\n<li>Laa Term\u00e1lf\u00fcrd\u0151<\/li>\n<li>Toni M\u00f6rwald \u2013 Pallazo<\/li>\n<li>Turizmus Salzburg<\/li>\n<li>Toyota Buchreiter<\/li>\n<li>TGI Fridays<\/li>\n<li>Universalmuseum Joanneum<\/li>\n<li>VISA \/ Els\u0151 Osztr\u00e1k Takar\u00e9kp\u00e9nzt\u00e1r<\/li>\n<li>B\u00e9csi N\u00e9popera<\/li>\n<li>Volkswagen Ausztria<\/li>\n<li>Weitzer Hotelek<\/li>\n<li>Wiesenthal Aut\u00f3<\/li>\n<li>stb&#8230;<\/li>\n<\/ul>\n","protected":false},"excerpt":{"rendered":"<p>Partnereink\u2013 t\u00f6bbek k\u00f6zt: K\u00e9pz\u0151m\u0171v\u00e9szeti Akad\u00e9mia Arenaria \u2013\u00a0Steinbruch St. Margarethen-i Opera BestSecret Best Western Hotels Bst\u00e4ndig BMW CAT City Air Terminal Citroen DREI.at Denzel Auto Donauturm Wien Esterhazy Europcar Falkensteiner Hotels Feichtinger Schmuckhandel Forstinger Gerstner Hospitality Group Harry\u2019s Home Hotels Hansaton Herz Energiatechnika Hertz Aut\u00f3b\u00e9rl\u00e9s Holmes Place Intercontinental Hotels Group Jollydays JUFA Hotels B\u00e9csi M\u0171csarnok la [&hellip;]<\/p>\n","protected":false},"author":2,"featured_media":0,"parent":0,"menu_order":0,"comment_status":"closed","ping_status":"closed","template":"","meta":{"_genesis_hide_title":false,"_genesis_hide_breadcrumbs":false,"_genesis_hide_singular_image":false,"_genesis_hide_footer_widgets":false,"_genesis_custom_body_class":"","_genesis_custom_post_class":"","_genesis_layout":""},"_links":{"self":[{"href":"https:\/\/vorteilswelten.net\/hu\/wp-json\/wp\/v2\/pages\/137"}],"collection":[{"href":"https:\/\/vorteilswelten.net\/hu\/wp-json\/wp\/v2\/pages"}],"about":[{"href":"https:\/\/vorteilswelten.net\/hu\/wp-json\/wp\/v2\/types\/page"}],"author":[{"embeddable":true,"href":"https:\/\/vorteilswelten.net\/hu\/wp-json\/wp\/v2\/users\/2"}],"replies":[{"embeddable":true,"href":"https:\/\/vorteilswelten.net\/hu\/wp-json\/wp\/v2\/comments?post=137"}],"version-history":[{"count":2,"href":"https:\/\/vorteilswelten.net\/hu\/wp-json\/wp\/v2\/pages\/137\/revisions"}],"predecessor-version":[{"id":259,"href":"https:\/\/vorteilswelten.net\/hu\/wp-json\/wp\/v2\/pages\/137\/revisions\/259"}],"wp:attachment":[{"href":"https:\/\/vorteilswelten.net\/hu\/wp-json\/wp\/v2\/media?parent=137"}],"curies":[{"name":"wp","href":"https:\/\/api.w.org\/{rel}","templated":true}]}}