{"id":133,"date":"2016-10-09T08:43:15","date_gmt":"2016-10-09T06:43:15","guid":{"rendered":"http:\/\/vorteilspartner.info\/hu\/?page_id=133"},"modified":"2016-12-20T12:39:35","modified_gmt":"2016-12-20T11:39:35","slug":"member-cards","status":"publish","type":"page","link":"https:\/\/vorteilswelten.net\/hu\/important\/member-cards\/","title":{"rendered":"Tagk\u00e1rty\u00e1k"},"content":{"rendered":"<h3>TAGK\u00c1RTYA-mint\u00e1k\u00a0 \u00cdgy n\u00e9z ki a tagk\u00e1rtya &#8230;<\/h3>\n<p>(tarom\u00e1nyonk\u00e9nt v\u00e1ltoztathat\u00f3ak):<\/p>\n<div id='gallery-1' class='gallery galleryid-133 gallery-columns-3 gallery-size-medium'><figure class='gallery-item'>\n\t\t\t<div class='gallery-icon landscape'>\n\t\t\t\t<a href='https:\/\/vorteilswelten.net\/hu\/wichtig\/mitgliedskarten\/1_1411124533-2\/'><img width=\"300\" height=\"188\" src=\"https:\/\/vorteilswelten.net\/wp-content\/uploads\/sites\/2\/2016\/09\/1_1411124533-1-300x188.png\" class=\"attachment-medium size-medium\" alt=\"\" loading=\"lazy\" srcset=\"https:\/\/vorteilswelten.net\/wp-content\/uploads\/sites\/2\/2016\/09\/1_1411124533-1-300x188.png 300w, https:\/\/vorteilswelten.net\/wp-content\/uploads\/sites\/2\/2016\/09\/1_1411124533-1.png 500w\" sizes=\"(max-width: 300px) 100vw, 300px\" \/><\/a>\n\t\t\t<\/div><\/figure><figure class='gallery-item'>\n\t\t\t<div class='gallery-icon landscape'>\n\t\t\t\t<a href='https:\/\/vorteilswelten.net\/hu\/wichtig\/mitgliedskarten\/goedcard2-2\/'><img width=\"300\" height=\"195\" src=\"https:\/\/vorteilswelten.net\/wp-content\/uploads\/sites\/2\/2016\/09\/GoedCard2-1-300x195.jpg\" class=\"attachment-medium size-medium\" alt=\"\" loading=\"lazy\" srcset=\"https:\/\/vorteilswelten.net\/wp-content\/uploads\/sites\/2\/2016\/09\/GoedCard2-1-300x195.jpg 300w, https:\/\/vorteilswelten.net\/wp-content\/uploads\/sites\/2\/2016\/09\/GoedCard2-1-768x500.jpg 768w, https:\/\/vorteilswelten.net\/wp-content\/uploads\/sites\/2\/2016\/09\/GoedCard2-1.jpg 1000w\" sizes=\"(max-width: 300px) 100vw, 300px\" \/><\/a>\n\t\t\t<\/div><\/figure><figure class='gallery-item'>\n\t\t\t<div class='gallery-icon landscape'>\n\t\t\t\t<a href='https:\/\/vorteilswelten.net\/hu\/wichtig\/mitgliedskarten\/visa_first-2\/'><img width=\"300\" height=\"191\" src=\"https:\/\/vorteilswelten.net\/wp-content\/uploads\/sites\/2\/2016\/09\/Visa_First-1-300x191.jpg\" class=\"attachment-medium size-medium\" alt=\"\" loading=\"lazy\" srcset=\"https:\/\/vorteilswelten.net\/wp-content\/uploads\/sites\/2\/2016\/09\/Visa_First-1-300x191.jpg 300w, https:\/\/vorteilswelten.net\/wp-content\/uploads\/sites\/2\/2016\/09\/Visa_First-1-768x488.jpg 768w, https:\/\/vorteilswelten.net\/wp-content\/uploads\/sites\/2\/2016\/09\/Visa_First-1.jpg 1000w\" sizes=\"(max-width: 300px) 100vw, 300px\" \/><\/a>\n\t\t\t<\/div><\/figure><figure class='gallery-item'>\n\t\t\t<div class='gallery-icon landscape'>\n\t\t\t\t<a href='https:\/\/vorteilswelten.net\/hu\/wichtig\/mitgliedskarten\/visa_gold-2\/'><img width=\"300\" height=\"191\" src=\"https:\/\/vorteilswelten.net\/wp-content\/uploads\/sites\/2\/2016\/09\/Visa_Gold-1-300x191.jpg\" class=\"attachment-medium size-medium\" alt=\"\" loading=\"lazy\" srcset=\"https:\/\/vorteilswelten.net\/wp-content\/uploads\/sites\/2\/2016\/09\/Visa_Gold-1-300x191.jpg 300w, https:\/\/vorteilswelten.net\/wp-content\/uploads\/sites\/2\/2016\/09\/Visa_Gold-1-768x488.jpg 768w, https:\/\/vorteilswelten.net\/wp-content\/uploads\/sites\/2\/2016\/09\/Visa_Gold-1.jpg 1000w\" sizes=\"(max-width: 300px) 100vw, 300px\" \/><\/a>\n\t\t\t<\/div><\/figure><figure class='gallery-item'>\n\t\t\t<div class='gallery-icon landscape'>\n\t\t\t\t<a href='https:\/\/vorteilswelten.net\/hu\/wichtig\/mitgliedskarten\/younion-300x190-300x190\/'><img width=\"300\" height=\"190\" src=\"https:\/\/vorteilswelten.net\/wp-content\/uploads\/sites\/2\/2016\/09\/younion-300x190-300x190-300x190.png\" class=\"attachment-medium size-medium\" alt=\"\" loading=\"lazy\" \/><\/a>\n\t\t\t<\/div><\/figure><figure class='gallery-item'>\n\t\t\t<div class='gallery-icon landscape'>\n\t\t\t\t<a href='https:\/\/vorteilswelten.net\/hu\/wichtig\/mitgliedskarten\/younion_neu-300x190-300x190\/'><img width=\"300\" height=\"190\" src=\"https:\/\/vorteilswelten.net\/wp-content\/uploads\/sites\/2\/2016\/09\/younion_neu-300x190-300x190-300x190.png\" class=\"attachment-medium size-medium\" alt=\"\" loading=\"lazy\" \/><\/a>\n\t\t\t<\/div><\/figure><figure class='gallery-item'>\n\t\t\t<div class='gallery-icon landscape'>\n\t\t\t\t<a href='https:\/\/vorteilswelten.net\/hu\/wichtig\/mitgliedskarten\/vida-300x190\/'><img width=\"300\" height=\"190\" src=\"https:\/\/vorteilswelten.net\/wp-content\/uploads\/sites\/2\/2016\/09\/vida-300x190-300x190.png\" class=\"attachment-medium size-medium\" alt=\"\" loading=\"lazy\" \/><\/a>\n\t\t\t<\/div><\/figure><figure class='gallery-item'>\n\t\t\t<div class='gallery-icon landscape'>\n\t\t\t\t<a href='https:\/\/vorteilswelten.net\/hu\/wichtig\/mitgliedskarten\/proge-300x190\/'><img width=\"300\" height=\"190\" src=\"https:\/\/vorteilswelten.net\/wp-content\/uploads\/sites\/2\/2016\/09\/proge-300x190-300x190.png\" class=\"attachment-medium size-medium\" alt=\"\" loading=\"lazy\" \/><\/a>\n\t\t\t<\/div><\/figure><figure class='gallery-item'>\n\t\t\t<div class='gallery-icon landscape'>\n\t\t\t\t<a href='https:\/\/vorteilswelten.net\/hu\/wichtig\/mitgliedskarten\/gpf-300x190\/'><img width=\"300\" height=\"190\" src=\"https:\/\/vorteilswelten.net\/wp-content\/uploads\/sites\/2\/2016\/09\/gpf-300x190-300x190.png\" class=\"attachment-medium size-medium\" alt=\"\" loading=\"lazy\" \/><\/a>\n\t\t\t<\/div><\/figure><figure class='gallery-item'>\n\t\t\t<div class='gallery-icon landscape'>\n\t\t\t\t<a href='https:\/\/vorteilswelten.net\/hu\/wichtig\/mitgliedskarten\/gpa-djp-300x190\/'><img width=\"300\" height=\"190\" src=\"https:\/\/vorteilswelten.net\/wp-content\/uploads\/sites\/2\/2016\/09\/GPA-djp-300x190-300x190.png\" class=\"attachment-medium size-medium\" alt=\"\" loading=\"lazy\" \/><\/a>\n\t\t\t<\/div><\/figure><figure class='gallery-item'>\n\t\t\t<div class='gallery-icon landscape'>\n\t\t\t\t<a href='https:\/\/vorteilswelten.net\/hu\/wichtig\/mitgliedskarten\/goed-300x190\/'><img width=\"300\" height=\"190\" src=\"https:\/\/vorteilswelten.net\/wp-content\/uploads\/sites\/2\/2016\/09\/goed-300x190-300x190.png\" class=\"attachment-medium size-medium\" alt=\"\" loading=\"lazy\" \/><\/a>\n\t\t\t<\/div><\/figure><figure class='gallery-item'>\n\t\t\t<div class='gallery-icon landscape'>\n\t\t\t\t<a href='https:\/\/vorteilswelten.net\/hu\/wichtig\/mitgliedskarten\/gbh-300x190\/'><img width=\"300\" height=\"190\" src=\"https:\/\/vorteilswelten.net\/wp-content\/uploads\/sites\/2\/2016\/09\/gbh-300x190-300x190.png\" class=\"attachment-medium size-medium\" alt=\"\" loading=\"lazy\" \/><\/a>\n\t\t\t<\/div><\/figure>\n\t\t<\/div>\n\n","protected":false},"excerpt":{"rendered":"<p>TAGK\u00c1RTYA-mint\u00e1k\u00a0 \u00cdgy n\u00e9z ki a tagk\u00e1rtya &#8230; (tarom\u00e1nyonk\u00e9nt v\u00e1ltoztathat\u00f3ak):<\/p>\n","protected":false},"author":2,"featured_media":0,"parent":209,"menu_order":0,"comment_status":"closed","ping_status":"closed","template":"","meta":{"_genesis_hide_title":false,"_genesis_hide_breadcrumbs":false,"_genesis_hide_singular_image":false,"_genesis_hide_footer_widgets":false,"_genesis_custom_body_class":"","_genesis_custom_post_class":"","_genesis_layout":""},"_links":{"self":[{"href":"https:\/\/vorteilswelten.net\/hu\/wp-json\/wp\/v2\/pages\/133"}],"collection":[{"href":"https:\/\/vorteilswelten.net\/hu\/wp-json\/wp\/v2\/pages"}],"about":[{"href":"https:\/\/vorteilswelten.net\/hu\/wp-json\/wp\/v2\/types\/page"}],"author":[{"embeddable":true,"href":"https:\/\/vorteilswelten.net\/hu\/wp-json\/wp\/v2\/users\/2"}],"replies":[{"embeddable":true,"href":"https:\/\/vorteilswelten.net\/hu\/wp-json\/wp\/v2\/comments?post=133"}],"version-history":[{"count":4,"href":"https:\/\/vorteilswelten.net\/hu\/wp-json\/wp\/v2\/pages\/133\/revisions"}],"predecessor-version":[{"id":258,"href":"https:\/\/vorteilswelten.net\/hu\/wp-json\/wp\/v2\/pages\/133\/revisions\/258"}],"up":[{"embeddable":true,"href":"https:\/\/vorteilswelten.net\/hu\/wp-json\/wp\/v2\/pages\/209"}],"wp:attachment":[{"href":"https:\/\/vorteilswelten.net\/hu\/wp-json\/wp\/v2\/media?parent=133"}],"curies":[{"name":"wp","href":"https:\/\/api.w.org\/{rel}","templated":true}]}}